{"id":403,"date":"2024-12-14T12:02:29","date_gmt":"2024-12-14T12:02:29","guid":{"rendered":"https:\/\/esnet.es\/sobre-nosaltres\/"},"modified":"2025-01-20T11:31:06","modified_gmt":"2025-01-20T11:31:06","slug":"sobre-nosaltres","status":"publish","type":"page","link":"https:\/\/esnet.es\/ca\/sobre-nosaltres\/","title":{"rendered":"Sobre Nosaltres"},"content":{"rendered":"\t\t<div data-elementor-type=\"wp-page\" data-elementor-id=\"403\" class=\"elementor elementor-403 elementor-10\" data-elementor-post-type=\"page\">\n\t\t\t\t<div class=\"elementor-element elementor-element-31e773a e-flex e-con-boxed e-con e-parent\" data-id=\"31e773a\" data-element_type=\"container\" data-e-type=\"container\" data-settings=\"{&quot;background_background&quot;:&quot;classic&quot;}\">\n\t\t\t\t\t<div class=\"e-con-inner\">\n\t\t\t\t<div class=\"elementor-element elementor-element-77796ad elementor-widget elementor-widget-heading\" data-id=\"77796ad\" data-element_type=\"widget\" data-e-type=\"widget\" data-widget_type=\"heading.default\">\n\t\t\t\t<div class=\"elementor-widget-container\">\n\t\t\t\t\t<h2 class=\"elementor-heading-title elementor-size-default\">Ra\u00f3 de Ser  <\/h2>\t\t\t\t<\/div>\n\t\t\t\t<\/div>\n\t\t\t\t\t<\/div>\n\t\t\t\t<\/div>\n\t\t<div class=\"elementor-element elementor-element-b5ab915 e-flex e-con-boxed e-con e-parent\" data-id=\"b5ab915\" data-element_type=\"container\" data-e-type=\"container\" data-settings=\"{&quot;background_background&quot;:&quot;classic&quot;}\">\n\t\t\t\t\t<div class=\"e-con-inner\">\n\t\t<div class=\"elementor-element elementor-element-f958169 e-con-full e-flex e-con e-child\" data-id=\"f958169\" data-element_type=\"container\" data-e-type=\"container\">\n\t\t\t\t<div class=\"elementor-element elementor-element-63d1105 elementor-widget elementor-widget-image\" data-id=\"63d1105\" data-element_type=\"widget\" data-e-type=\"widget\" data-widget_type=\"image.default\">\n\t\t\t\t<div class=\"elementor-widget-container\">\n\t\t\t\t\t\t\t\t\t\t\t\t\t\t\t<img fetchpriority=\"high\" decoding=\"async\" width=\"800\" height=\"534\" src=\"https:\/\/esnet.es\/wp-content\/uploads\/2024\/12\/Evento-ABE-y-Master-Consulting-159-1024x683.jpg\" class=\"attachment-large size-large wp-image-347\" alt=\"\" srcset=\"https:\/\/esnet.es\/wp-content\/uploads\/2024\/12\/Evento-ABE-y-Master-Consulting-159-1024x683.jpg 1024w, https:\/\/esnet.es\/wp-content\/uploads\/2024\/12\/Evento-ABE-y-Master-Consulting-159-300x200.jpg 300w, https:\/\/esnet.es\/wp-content\/uploads\/2024\/12\/Evento-ABE-y-Master-Consulting-159-768x512.jpg 768w, https:\/\/esnet.es\/wp-content\/uploads\/2024\/12\/Evento-ABE-y-Master-Consulting-159-1536x1024.jpg 1536w, https:\/\/esnet.es\/wp-content\/uploads\/2024\/12\/Evento-ABE-y-Master-Consulting-159-2048x1365.jpg 2048w\" sizes=\"(max-width: 800px) 100vw, 800px\" \/>\t\t\t\t\t\t\t\t\t\t\t\t\t\t\t<\/div>\n\t\t\t\t<\/div>\n\t\t\t\t<\/div>\n\t\t<div class=\"elementor-element elementor-element-5d7d258 e-con-full e-flex e-con e-child\" data-id=\"5d7d258\" data-element_type=\"container\" data-e-type=\"container\">\n\t\t\t\t<div class=\"elementor-element elementor-element-d33f35d elementor-widget elementor-widget-heading\" data-id=\"d33f35d\" data-element_type=\"widget\" data-e-type=\"widget\" data-widget_type=\"heading.default\">\n\t\t\t\t<div class=\"elementor-widget-container\">\n\t\t\t\t\t<h3 class=\"elementor-heading-title elementor-size-default\">RA\u00d3 DE SER<\/h3>\t\t\t\t<\/div>\n\t\t\t\t<\/div>\n\t\t\t\t<div class=\"elementor-element elementor-element-cc3d11a elementor-widget elementor-widget-heading\" data-id=\"cc3d11a\" data-element_type=\"widget\" data-e-type=\"widget\" data-widget_type=\"heading.default\">\n\t\t\t\t<div class=\"elementor-widget-container\">\n\t\t\t\t\t<h2 class=\"elementor-heading-title elementor-size-default\">Nosaltres<\/h2>\t\t\t\t<\/div>\n\t\t\t\t<\/div>\n\t\t\t\t<div class=\"elementor-element elementor-element-405aafd elementor-widget elementor-widget-text-editor\" data-id=\"405aafd\" data-element_type=\"widget\" data-e-type=\"widget\" data-widget_type=\"text-editor.default\">\n\t\t\t\t<div class=\"elementor-widget-container\">\n\t\t\t\t\t\t\t\t\t<div dir=\"auto\" data-message-author-role=\"assistant\" data-message-id=\"448172b2-49cc-4502-a41d-94947309fb46\" data-message-model-slug=\"gpt-4o\">\n<p>A <strong>Esnet Consulting &amp; Management<\/strong> , la nostra missi\u00f3 \u00e9s identificar i incorporar <strong>professionals clau<\/strong> que impulsin el creixement i l&#8217;efici\u00e8ncia de les organitzacions. Com a part del <strong>Grup Master Consulting<\/strong> , comptem amb una \u00e0mplia traject\u00f2ria en la gesti\u00f3 del talent, amb un enfocament especialitzat en perfils estrat\u00e8gics que assegura resultats tangibles.<\/p>\n<p style=\"font-weight: 400;\">La nostra metodologia, basada en una an\u00e0lisi profunda i en <strong>avaluacions rigoroses<\/strong> , ens permet identificar professionals que no nom\u00e9s compleixen amb els requisits t\u00e8cnics del lloc, sin\u00f3 que tamb\u00e9 encaixen amb la <strong>cultura i els valors<\/strong> de cada empresa.<\/p>\n<p style=\"font-weight: 400;\">Formem part d&#8217;un grup amb pres\u00e8ncia internacional i oficines a <strong>Madrid, Barcelona i Lisboa<\/strong> , cosa que ens permet actuar amb agilitat i precisi\u00f3 dins un mercat globalitzat<\/p>\n<p style=\"font-weight: 400;\"><strong>Esnet<\/strong> <strong>Consulting &amp; Management<\/strong> ofereix solucions de talent personalitzades, que afavoreixen el desenvolupament sostenible de les organitzacions i en potencien l&#8217;\u00e8xit.  <\/p>\n<\/div>\n\t\t\t\t\t\t\t\t<\/div>\n\t\t\t\t<\/div>\n\t\t\t\t<div class=\"elementor-element elementor-element-2bb0f4f elementor-widget elementor-widget-button\" data-id=\"2bb0f4f\" data-element_type=\"widget\" data-e-type=\"widget\" data-widget_type=\"button.default\">\n\t\t\t\t<div class=\"elementor-widget-container\">\n\t\t\t\t\t\t\t\t\t<div class=\"elementor-button-wrapper\">\n\t\t\t\t\t<a class=\"elementor-button elementor-button-link elementor-size-sm\" href=\"https:\/\/esnet.es\/ca\/contacte\/\">\n\t\t\t\t\t\t<span class=\"elementor-button-content-wrapper\">\n\t\t\t\t\t\t\t\t\t<span class=\"elementor-button-text\">Contacte<\/span>\n\t\t\t\t\t<\/span>\n\t\t\t\t\t<\/a>\n\t\t\t\t<\/div>\n\t\t\t\t\t\t\t\t<\/div>\n\t\t\t\t<\/div>\n\t\t\t\t<\/div>\n\t\t\t\t\t<\/div>\n\t\t\t\t<\/div>\n\t\t<div class=\"elementor-element elementor-element-30a0581 e-flex e-con-boxed e-con e-parent\" data-id=\"30a0581\" data-element_type=\"container\" data-e-type=\"container\">\n\t\t\t\t\t<div class=\"e-con-inner\">\n\t\t<div class=\"elementor-element elementor-element-ca63b90 e-con-full e-flex e-con e-child\" data-id=\"ca63b90\" data-element_type=\"container\" data-e-type=\"container\">\n\t\t\t\t<div class=\"elementor-element elementor-element-cfee6cd elementor-widget elementor-widget-image\" data-id=\"cfee6cd\" data-element_type=\"widget\" data-e-type=\"widget\" data-widget_type=\"image.default\">\n\t\t\t\t<div class=\"elementor-widget-container\">\n\t\t\t\t\t\t\t\t\t\t\t\t\t\t\t<img decoding=\"async\" width=\"560\" height=\"712\" src=\"https:\/\/esnet.es\/wp-content\/uploads\/2025\/01\/IMG-20250115-WA0004.jpg\" class=\"attachment-large size-large wp-image-387\" alt=\"\" srcset=\"https:\/\/esnet.es\/wp-content\/uploads\/2025\/01\/IMG-20250115-WA0004.jpg 560w, https:\/\/esnet.es\/wp-content\/uploads\/2025\/01\/IMG-20250115-WA0004-236x300.jpg 236w\" sizes=\"(max-width: 560px) 100vw, 560px\" \/>\t\t\t\t\t\t\t\t\t\t\t\t\t\t\t<\/div>\n\t\t\t\t<\/div>\n\t\t\t\t<div class=\"elementor-element elementor-element-3d145c4 elementor-widget elementor-widget-text-editor\" data-id=\"3d145c4\" data-element_type=\"widget\" data-e-type=\"widget\" data-widget_type=\"text-editor.default\">\n\t\t\t\t<div class=\"elementor-widget-container\">\n\t\t\t\t\t\t\t\t\t<p><strong>Purificaci\u00f3 Mora Ram\u00edrez<br \/><\/strong> Headhunter &amp; Career Coach<strong><br \/><\/strong><\/p>\n\t\t\t\t\t\t\t\t<\/div>\n\t\t\t\t<\/div>\n\t\t\t\t<div class=\"elementor-element elementor-element-1daf354 elementor-shape-rounded elementor-grid-0 e-grid-align-center elementor-widget elementor-widget-social-icons\" data-id=\"1daf354\" data-element_type=\"widget\" data-e-type=\"widget\" data-widget_type=\"social-icons.default\">\n\t\t\t\t<div class=\"elementor-widget-container\">\n\t\t\t\t\t\t\t<div class=\"elementor-social-icons-wrapper elementor-grid\" role=\"list\">\n\t\t\t\t\t\t\t<span class=\"elementor-grid-item\" role=\"listitem\">\n\t\t\t\t\t<a class=\"elementor-icon elementor-social-icon elementor-social-icon-envelope elementor-repeater-item-582ed1e\" href=\"mailto:mora@masterconsulting.es\" target=\"_blank\">\n\t\t\t\t\t\t<span class=\"elementor-screen-only\">Envelope<\/span>\n\t\t\t\t\t\t<svg aria-hidden=\"true\" class=\"e-font-icon-svg e-fas-envelope\" viewBox=\"0 0 512 512\" xmlns=\"http:\/\/www.w3.org\/2000\/svg\"><path d=\"M502.3 190.8c3.9-3.1 9.7-.2 9.7 4.7V400c0 26.5-21.5 48-48 48H48c-26.5 0-48-21.5-48-48V195.6c0-5 5.7-7.8 9.7-4.7 22.4 17.4 52.1 39.5 154.1 113.6 21.1 15.4 56.7 47.8 92.2 47.6 35.7.3 72-32.8 92.3-47.6 102-74.1 131.6-96.3 154-113.7zM256 320c23.2.4 56.6-29.2 73.4-41.4 132.7-96.3 142.8-104.7 173.4-128.7 5.8-4.5 9.2-11.5 9.2-18.9v-19c0-26.5-21.5-48-48-48H48C21.5 64 0 85.5 0 112v19c0 7.4 3.4 14.3 9.2 18.9 30.6 23.9 40.7 32.4 173.4 128.7 16.8 12.2 50.2 41.8 73.4 41.4z\"><\/path><\/svg>\t\t\t\t\t<\/a>\n\t\t\t\t<\/span>\n\t\t\t\t\t\t\t<span class=\"elementor-grid-item\" role=\"listitem\">\n\t\t\t\t\t<a class=\"elementor-icon elementor-social-icon elementor-social-icon-linkedin elementor-repeater-item-b799433\" href=\"https:\/\/www.linkedin.com\/in\/purificaci%C3%B3n-mora\/\" target=\"_blank\" rel=\"noopener\">\n\t\t\t\t\t\t<span class=\"elementor-screen-only\">Linkedin<\/span>\n\t\t\t\t\t\t<svg aria-hidden=\"true\" class=\"e-font-icon-svg e-fab-linkedin\" viewBox=\"0 0 448 512\" xmlns=\"http:\/\/www.w3.org\/2000\/svg\"><path d=\"M416 32H31.9C14.3 32 0 46.5 0 64.3v383.4C0 465.5 14.3 480 31.9 480H416c17.6 0 32-14.5 32-32.3V64.3c0-17.8-14.4-32.3-32-32.3zM135.4 416H69V202.2h66.5V416zm-33.2-243c-21.3 0-38.5-17.3-38.5-38.5S80.9 96 102.2 96c21.2 0 38.5 17.3 38.5 38.5 0 21.3-17.2 38.5-38.5 38.5zm282.1 243h-66.4V312c0-24.8-.5-56.7-34.5-56.7-34.6 0-39.9 27-39.9 54.9V416h-66.4V202.2h63.7v29.2h.9c8.9-16.8 30.6-34.5 62.9-34.5 67.2 0 79.7 44.3 79.7 101.9V416z\"><\/path><\/svg>\t\t\t\t\t<\/a>\n\t\t\t\t<\/span>\n\t\t\t\t\t<\/div>\n\t\t\t\t\t\t<\/div>\n\t\t\t\t<\/div>\n\t\t\t\t<\/div>\n\t\t<div class=\"elementor-element elementor-element-e715863 e-con-full e-flex e-con e-child\" data-id=\"e715863\" data-element_type=\"container\" data-e-type=\"container\">\n\t\t\t\t<div class=\"elementor-element elementor-element-f490ea7 elementor-widget elementor-widget-image\" data-id=\"f490ea7\" data-element_type=\"widget\" data-e-type=\"widget\" data-widget_type=\"image.default\">\n\t\t\t\t<div class=\"elementor-widget-container\">\n\t\t\t\t\t\t\t\t\t\t\t\t\t\t\t<img decoding=\"async\" width=\"601\" height=\"776\" src=\"https:\/\/esnet.es\/wp-content\/uploads\/2025\/01\/IMG_20241114_162133-1-e1737372565631.jpg\" class=\"attachment-large size-large wp-image-381\" alt=\"\" \/>\t\t\t\t\t\t\t\t\t\t\t\t\t\t\t<\/div>\n\t\t\t\t<\/div>\n\t\t\t\t<div class=\"elementor-element elementor-element-83292f6 elementor-widget elementor-widget-text-editor\" data-id=\"83292f6\" data-element_type=\"widget\" data-e-type=\"widget\" data-widget_type=\"text-editor.default\">\n\t\t\t\t<div class=\"elementor-widget-container\">\n\t\t\t\t\t\t\t\t\t<p><b>Anna Garau<br \/><\/b> Headhunter &amp; Career Coach<strong><br \/><\/strong><\/p>\n\t\t\t\t\t\t\t\t<\/div>\n\t\t\t\t<\/div>\n\t\t\t\t<div class=\"elementor-element elementor-element-ff79527 elementor-shape-rounded elementor-grid-0 e-grid-align-center elementor-widget elementor-widget-social-icons\" data-id=\"ff79527\" data-element_type=\"widget\" data-e-type=\"widget\" data-widget_type=\"social-icons.default\">\n\t\t\t\t<div class=\"elementor-widget-container\">\n\t\t\t\t\t\t\t<div class=\"elementor-social-icons-wrapper elementor-grid\" role=\"list\">\n\t\t\t\t\t\t\t<span class=\"elementor-grid-item\" role=\"listitem\">\n\t\t\t\t\t<a class=\"elementor-icon elementor-social-icon elementor-social-icon-envelope elementor-repeater-item-582ed1e\" href=\"mailto:garau@masterconsulting.es\" target=\"_blank\">\n\t\t\t\t\t\t<span class=\"elementor-screen-only\">Envelope<\/span>\n\t\t\t\t\t\t<svg aria-hidden=\"true\" class=\"e-font-icon-svg e-fas-envelope\" viewBox=\"0 0 512 512\" xmlns=\"http:\/\/www.w3.org\/2000\/svg\"><path d=\"M502.3 190.8c3.9-3.1 9.7-.2 9.7 4.7V400c0 26.5-21.5 48-48 48H48c-26.5 0-48-21.5-48-48V195.6c0-5 5.7-7.8 9.7-4.7 22.4 17.4 52.1 39.5 154.1 113.6 21.1 15.4 56.7 47.8 92.2 47.6 35.7.3 72-32.8 92.3-47.6 102-74.1 131.6-96.3 154-113.7zM256 320c23.2.4 56.6-29.2 73.4-41.4 132.7-96.3 142.8-104.7 173.4-128.7 5.8-4.5 9.2-11.5 9.2-18.9v-19c0-26.5-21.5-48-48-48H48C21.5 64 0 85.5 0 112v19c0 7.4 3.4 14.3 9.2 18.9 30.6 23.9 40.7 32.4 173.4 128.7 16.8 12.2 50.2 41.8 73.4 41.4z\"><\/path><\/svg>\t\t\t\t\t<\/a>\n\t\t\t\t<\/span>\n\t\t\t\t\t\t\t<span class=\"elementor-grid-item\" role=\"listitem\">\n\t\t\t\t\t<a class=\"elementor-icon elementor-social-icon elementor-social-icon-linkedin elementor-repeater-item-b799433\" href=\"https:\/\/www.linkedin.com\/in\/anna-garau-1612b2a0\/\" target=\"_blank\" rel=\"noopener\">\n\t\t\t\t\t\t<span class=\"elementor-screen-only\">Linkedin<\/span>\n\t\t\t\t\t\t<svg aria-hidden=\"true\" class=\"e-font-icon-svg e-fab-linkedin\" viewBox=\"0 0 448 512\" xmlns=\"http:\/\/www.w3.org\/2000\/svg\"><path d=\"M416 32H31.9C14.3 32 0 46.5 0 64.3v383.4C0 465.5 14.3 480 31.9 480H416c17.6 0 32-14.5 32-32.3V64.3c0-17.8-14.4-32.3-32-32.3zM135.4 416H69V202.2h66.5V416zm-33.2-243c-21.3 0-38.5-17.3-38.5-38.5S80.9 96 102.2 96c21.2 0 38.5 17.3 38.5 38.5 0 21.3-17.2 38.5-38.5 38.5zm282.1 243h-66.4V312c0-24.8-.5-56.7-34.5-56.7-34.6 0-39.9 27-39.9 54.9V416h-66.4V202.2h63.7v29.2h.9c8.9-16.8 30.6-34.5 62.9-34.5 67.2 0 79.7 44.3 79.7 101.9V416z\"><\/path><\/svg>\t\t\t\t\t<\/a>\n\t\t\t\t<\/span>\n\t\t\t\t\t<\/div>\n\t\t\t\t\t\t<\/div>\n\t\t\t\t<\/div>\n\t\t\t\t<\/div>\n\t\t\t\t\t<\/div>\n\t\t\t\t<\/div>\n\t\t<div class=\"elementor-element elementor-element-6fc90a7 e-flex e-con-boxed e-con e-parent\" data-id=\"6fc90a7\" data-element_type=\"container\" data-e-type=\"container\" data-settings=\"{&quot;background_background&quot;:&quot;classic&quot;}\">\n\t\t\t\t\t<div class=\"e-con-inner\">\n\t\t<div class=\"elementor-element elementor-element-3849d40 e-con-full e-flex e-con e-child\" data-id=\"3849d40\" data-element_type=\"container\" data-e-type=\"container\">\n\t\t\t\t<div class=\"elementor-element elementor-element-a49c966 elementor-widget elementor-widget-image\" data-id=\"a49c966\" data-element_type=\"widget\" data-e-type=\"widget\" data-widget_type=\"image.default\">\n\t\t\t\t<div class=\"elementor-widget-container\">\n\t\t\t\t\t\t\t\t\t\t\t\t\t\t\t\t<a href=\"https:\/\/www.masterconsulting.es\/\" target=\"_blank\" rel=\"noopener\">\n\t\t\t\t\t\t\t<img loading=\"lazy\" decoding=\"async\" width=\"800\" height=\"218\" src=\"https:\/\/esnet.es\/wp-content\/uploads\/2024\/12\/logo-master-con-frase-1-1-1024x279.jpg\" class=\"attachment-large size-large wp-image-363\" alt=\"\" srcset=\"https:\/\/esnet.es\/wp-content\/uploads\/2024\/12\/logo-master-con-frase-1-1-1024x279.jpg 1024w, https:\/\/esnet.es\/wp-content\/uploads\/2024\/12\/logo-master-con-frase-1-1-300x82.jpg 300w, https:\/\/esnet.es\/wp-content\/uploads\/2024\/12\/logo-master-con-frase-1-1-768x209.jpg 768w, https:\/\/esnet.es\/wp-content\/uploads\/2024\/12\/logo-master-con-frase-1-1-1536x418.jpg 1536w, https:\/\/esnet.es\/wp-content\/uploads\/2024\/12\/logo-master-con-frase-1-1-2048x557.jpg 2048w\" sizes=\"(max-width: 800px) 100vw, 800px\" \/>\t\t\t\t\t\t\t\t<\/a>\n\t\t\t\t\t\t\t\t\t\t\t\t\t\t\t<\/div>\n\t\t\t\t<\/div>\n\t\t\t\t<\/div>\n\t\t<div class=\"elementor-element elementor-element-94ee198 e-con-full e-flex e-con e-child\" data-id=\"94ee198\" data-element_type=\"container\" data-e-type=\"container\">\n\t\t\t\t<div class=\"elementor-element elementor-element-ae5729b elementor-widget elementor-widget-image\" data-id=\"ae5729b\" data-element_type=\"widget\" data-e-type=\"widget\" data-widget_type=\"image.default\">\n\t\t\t\t<div class=\"elementor-widget-container\">\n\t\t\t\t\t\t\t\t\t\t\t\t\t\t\t\t<a href=\"https:\/\/www.expertsforexperts.es\/\" target=\"_blank\" rel=\"noopener\">\n\t\t\t\t\t\t\t<img loading=\"lazy\" decoding=\"async\" width=\"800\" height=\"109\" src=\"https:\/\/esnet.es\/wp-content\/uploads\/2024\/12\/e4e_Log_Web_Farbe-800x109-2.png\" class=\"attachment-large size-large wp-image-367\" alt=\"\" srcset=\"https:\/\/esnet.es\/wp-content\/uploads\/2024\/12\/e4e_Log_Web_Farbe-800x109-2.png 800w, https:\/\/esnet.es\/wp-content\/uploads\/2024\/12\/e4e_Log_Web_Farbe-800x109-2-300x41.png 300w, https:\/\/esnet.es\/wp-content\/uploads\/2024\/12\/e4e_Log_Web_Farbe-800x109-2-768x105.png 768w\" sizes=\"(max-width: 800px) 100vw, 800px\" \/>\t\t\t\t\t\t\t\t<\/a>\n\t\t\t\t\t\t\t\t\t\t\t\t\t\t\t<\/div>\n\t\t\t\t<\/div>\n\t\t\t\t<\/div>\n\t\t<div class=\"elementor-element elementor-element-ad66e00 e-con-full e-flex e-con e-child\" data-id=\"ad66e00\" data-element_type=\"container\" data-e-type=\"container\">\n\t\t\t\t<div class=\"elementor-element elementor-element-a2a0539 elementor-widget elementor-widget-image\" data-id=\"a2a0539\" data-element_type=\"widget\" data-e-type=\"widget\" data-widget_type=\"image.default\">\n\t\t\t\t<div class=\"elementor-widget-container\">\n\t\t\t\t\t\t\t\t\t\t\t\t\t\t\t<img loading=\"lazy\" decoding=\"async\" width=\"200\" height=\"140\" src=\"https:\/\/esnet.es\/wp-content\/uploads\/2024\/12\/esnet.jpeg\" class=\"attachment-large size-large wp-image-369\" alt=\"\" \/>\t\t\t\t\t\t\t\t\t\t\t\t\t\t\t<\/div>\n\t\t\t\t<\/div>\n\t\t\t\t<\/div>\n\t\t<div class=\"elementor-element elementor-element-2242743 e-con-full e-flex e-con e-child\" data-id=\"2242743\" data-element_type=\"container\" data-e-type=\"container\">\n\t\t\t\t<div class=\"elementor-element elementor-element-61cb58d elementor-widget elementor-widget-image\" data-id=\"61cb58d\" data-element_type=\"widget\" data-e-type=\"widget\" data-widget_type=\"image.default\">\n\t\t\t\t<div class=\"elementor-widget-container\">\n\t\t\t\t\t\t\t\t\t\t\t\t\t\t\t\t<a href=\"https:\/\/www.masterconsulting.pt\/\" target=\"_blank\" rel=\"noopener\">\n\t\t\t\t\t\t\t<img loading=\"lazy\" decoding=\"async\" width=\"800\" height=\"218\" src=\"https:\/\/esnet.es\/wp-content\/uploads\/2024\/12\/logo-master-con-frase-1-1-1024x279.jpg\" class=\"attachment-large size-large wp-image-363\" alt=\"\" srcset=\"https:\/\/esnet.es\/wp-content\/uploads\/2024\/12\/logo-master-con-frase-1-1-1024x279.jpg 1024w, https:\/\/esnet.es\/wp-content\/uploads\/2024\/12\/logo-master-con-frase-1-1-300x82.jpg 300w, https:\/\/esnet.es\/wp-content\/uploads\/2024\/12\/logo-master-con-frase-1-1-768x209.jpg 768w, https:\/\/esnet.es\/wp-content\/uploads\/2024\/12\/logo-master-con-frase-1-1-1536x418.jpg 1536w, https:\/\/esnet.es\/wp-content\/uploads\/2024\/12\/logo-master-con-frase-1-1-2048x557.jpg 2048w\" sizes=\"(max-width: 800px) 100vw, 800px\" \/>\t\t\t\t\t\t\t\t<\/a>\n\t\t\t\t\t\t\t\t\t\t\t\t\t\t\t<\/div>\n\t\t\t\t<\/div>\n\t\t\t\t<\/div>\n\t\t<div class=\"elementor-element elementor-element-2f589e7 e-con-full e-flex e-con e-child\" data-id=\"2f589e7\" data-element_type=\"container\" data-e-type=\"container\">\n\t\t\t\t<div class=\"elementor-element elementor-element-511cf57 elementor-widget elementor-widget-image\" data-id=\"511cf57\" data-element_type=\"widget\" data-e-type=\"widget\" data-widget_type=\"image.default\">\n\t\t\t\t<div class=\"elementor-widget-container\">\n\t\t\t\t\t\t\t\t\t\t\t\t\t\t\t\t<a href=\"https:\/\/www.api-network.org\/\" target=\"_blank\" rel=\"noopener\">\n\t\t\t\t\t\t\t<img loading=\"lazy\" decoding=\"async\" width=\"318\" height=\"158\" src=\"https:\/\/esnet.es\/wp-content\/uploads\/2025\/01\/descarga.png\" class=\"attachment-large size-large wp-image-385\" alt=\"\" srcset=\"https:\/\/esnet.es\/wp-content\/uploads\/2025\/01\/descarga.png 318w, https:\/\/esnet.es\/wp-content\/uploads\/2025\/01\/descarga-300x149.png 300w\" sizes=\"(max-width: 318px) 100vw, 318px\" \/>\t\t\t\t\t\t\t\t<\/a>\n\t\t\t\t\t\t\t\t\t\t\t\t\t\t\t<\/div>\n\t\t\t\t<\/div>\n\t\t\t\t<\/div>\n\t\t\t\t\t<\/div>\n\t\t\t\t<\/div>\n\t\t\t\t<\/div>\n\t\t","protected":false},"excerpt":{"rendered":"<p>Ra\u00f3 de Ser RA\u00d3 DE SER Nosaltres A Esnet Consulting &amp; Management , la nostra missi\u00f3 \u00e9s identificar i incorporar professionals clau que impulsin el creixement i l&#8217;efici\u00e8ncia de les organitzacions. Com a part del Grup Master Consulting , comptem amb una \u00e0mplia traject\u00f2ria en la gesti\u00f3 del talent, amb un enfocament especialitzat en perfils [&hellip;]<\/p>\n","protected":false},"author":1,"featured_media":0,"parent":0,"menu_order":0,"comment_status":"closed","ping_status":"closed","template":"","meta":{"footnotes":""},"class_list":["post-403","page","type-page","status-publish","hentry"],"acf":[],"_links":{"self":[{"href":"https:\/\/esnet.es\/ca\/wp-json\/wp\/v2\/pages\/403","targetHints":{"allow":["GET"]}}],"collection":[{"href":"https:\/\/esnet.es\/ca\/wp-json\/wp\/v2\/pages"}],"about":[{"href":"https:\/\/esnet.es\/ca\/wp-json\/wp\/v2\/types\/page"}],"author":[{"embeddable":true,"href":"https:\/\/esnet.es\/ca\/wp-json\/wp\/v2\/users\/1"}],"replies":[{"embeddable":true,"href":"https:\/\/esnet.es\/ca\/wp-json\/wp\/v2\/comments?post=403"}],"version-history":[{"count":9,"href":"https:\/\/esnet.es\/ca\/wp-json\/wp\/v2\/pages\/403\/revisions"}],"predecessor-version":[{"id":538,"href":"https:\/\/esnet.es\/ca\/wp-json\/wp\/v2\/pages\/403\/revisions\/538"}],"wp:attachment":[{"href":"https:\/\/esnet.es\/ca\/wp-json\/wp\/v2\/media?parent=403"}],"curies":[{"name":"wp","href":"https:\/\/api.w.org\/{rel}","templated":true}]}}